{"id":37,"date":"2022-12-27T18:13:36","date_gmt":"2022-12-27T18:13:36","guid":{"rendered":"https:\/\/akredita.sk\/?page_id=37"},"modified":"2023-01-18T12:54:01","modified_gmt":"2023-01-18T12:54:01","slug":"pripadova-studia","status":"publish","type":"page","link":"https:\/\/akredita.sk\/cz\/pripadova-studia\/","title":{"rendered":"P\u0159\u00edpadov\u00e1 studie"},"content":{"rendered":"<div data-elementor-type=\"wp-page\" data-elementor-id=\"37\" class=\"elementor elementor-37\">\n\t\t\t\t\t\t\t\t\t<section class=\"elementor-section elementor-top-section elementor-element elementor-element-4a923f6 elementor-section-height-min-height elementor-section-items-bottom elementor-section-boxed elementor-section-height-default\" data-id=\"4a923f6\" data-element_type=\"section\" data-settings=\"{&quot;background_background&quot;:&quot;classic&quot;}\">\n\t\t\t\t\t\t<div class=\"elementor-container elementor-column-gap-default\">\n\t\t\t\t\t<div class=\"elementor-column elementor-col-50 elementor-top-column elementor-element elementor-element-e5023e0\" data-id=\"e5023e0\" data-element_type=\"column\">\n\t\t\t<div class=\"elementor-widget-wrap elementor-element-populated\">\n\t\t\t\t\t\t\t\t<div class=\"elementor-element elementor-element-9e10102 elementor-widget elementor-widget-heading\" data-id=\"9e10102\" data-element_type=\"widget\" data-widget_type=\"heading.default\">\n\t\t\t\t<div class=\"elementor-widget-container\">\n\t\t\t<style>\/*! elementor - v3.9.2 - 21-12-2022 *\/\n.elementor-heading-title{padding:0;margin:0;line-height:1}.elementor-widget-heading .elementor-heading-title[class*=elementor-size-]>a{color:inherit;font-size:inherit;line-height:inherit}.elementor-widget-heading .elementor-heading-title.elementor-size-small{font-size:15px}.elementor-widget-heading .elementor-heading-title.elementor-size-medium{font-size:19px}.elementor-widget-heading .elementor-heading-title.elementor-size-large{font-size:29px}.elementor-widget-heading .elementor-heading-title.elementor-size-xl{font-size:39px}.elementor-widget-heading .elementor-heading-title.elementor-size-xxl{font-size:59px}<\/style><h1 class=\"elementor-heading-title elementor-size-default\">P\u0159\u00edpadov\u00e1 studie \u2013 3DTec s.r.o.<\/h1>\t\t<\/div>\n\t\t\t\t<\/div>\n\t\t\t\t<div class=\"elementor-element elementor-element-c1d52e6 elementor-widget elementor-widget-breadcrumbs\" data-id=\"c1d52e6\" data-element_type=\"widget\" data-widget_type=\"breadcrumbs.default\">\n\t\t\t\t<div class=\"elementor-widget-container\">\n\t\t\t<link rel=\"stylesheet\" href=\"https:\/\/akredita.sk\/wp-content\/plugins\/elementor-pro\/assets\/css\/widget-theme-elements.min.css\"><p id=\"breadcrumbs\"><span><span><a href=\"https:\/\/akredita.sk\/cz\/\">Dom\u016f<\/a><\/span><\/span><\/p>\t\t<\/div>\n\t\t\t\t<\/div>\n\t\t\t\t\t<\/div>\n\t\t<\/div>\n\t\t\t\t<div class=\"elementor-column elementor-col-50 elementor-top-column elementor-element elementor-element-e0590f7\" data-id=\"e0590f7\" data-element_type=\"column\">\n\t\t\t<div class=\"elementor-widget-wrap\">\n\t\t\t\t\t\t\t\t\t<\/div>\n\t\t<\/div>\n\t\t\t\t\t\t\t<\/div>\n\t\t<\/section>\n\t\t\t\t<section class=\"elementor-section elementor-top-section elementor-element elementor-element-f60fa59 elementor-section-boxed elementor-section-height-default elementor-section-height-default\" data-id=\"f60fa59\" data-element_type=\"section\">\n\t\t\t\t\t\t<div class=\"elementor-container elementor-column-gap-default\">\n\t\t\t\t\t<div class=\"elementor-column elementor-col-100 elementor-top-column elementor-element elementor-element-da9a378\" data-id=\"da9a378\" data-element_type=\"column\">\n\t\t\t<div class=\"elementor-widget-wrap elementor-element-populated\">\n\t\t\t\t\t\t\t\t<div class=\"elementor-element elementor-element-54dbaa7 elementor-widget elementor-widget-heading\" data-id=\"54dbaa7\" data-element_type=\"widget\" data-widget_type=\"heading.default\">\n\t\t\t\t<div class=\"elementor-widget-container\">\n\t\t\t<h2 class=\"elementor-heading-title elementor-size-default\">Spole\u010dnost 3DTec s.r.o. n\u00e1m poskytla v\u00fdslovn\u00fd souhlas s publikov\u00e1n\u00edm t\u00e9to studie, za co\u017e j\u00ed d\u011bkujeme.<\/h2>\t\t<\/div>\n\t\t\t\t<\/div>\n\t\t\t\t<div class=\"elementor-element elementor-element-329c279 elementor-widget elementor-widget-text-editor\" data-id=\"329c279\" data-element_type=\"widget\" data-widget_type=\"text-editor.default\">\n\t\t\t\t<div class=\"elementor-widget-container\">\n\t\t\t<style>\/*! elementor - v3.9.2 - 21-12-2022 *\/\n.elementor-widget-text-editor.elementor-drop-cap-view-stacked .elementor-drop-cap{background-color:#818a91;color:#fff}.elementor-widget-text-editor.elementor-drop-cap-view-framed .elementor-drop-cap{color:#818a91;border:3px solid;background-color:transparent}.elementor-widget-text-editor:not(.elementor-drop-cap-view-default) .elementor-drop-cap{margin-top:8px}.elementor-widget-text-editor:not(.elementor-drop-cap-view-default) .elementor-drop-cap-letter{width:1em;height:1em}.elementor-widget-text-editor .elementor-drop-cap{float:left;text-align:center;line-height:1;font-size:50px}.elementor-widget-text-editor .elementor-drop-cap-letter{display:inline-block}<\/style>\t\t\t\t<p>Spole\u010dnost 3DTec s.r.o., jak uv\u00e1d\u00ed na sv\u00fdch webov\u00fdch str\u00e1nk\u00e1ch, se v\u011bnuje 3D m\u011b\u0159en\u00ed, m\u011b\u0159en\u00ed na CMM, m\u011b\u0159en\u00ed pomoc\u00ed tracker\u016f a podobn\u011b.<\/p><p>Jejich v\u011bt\u0161inov\u00fdm trhem je automobilov\u00fd pr\u016fmysl. Pro sv\u00e9 z\u00e1kazn\u00edky cht\u011bla deklarovat svou kompetenci v oblasti 3D m\u011b\u0159en\u00ed pomoc\u00ed sofistikovan\u00fdch stroj\u016f a proces\u016f.<\/p><p><strong>Z jejich prohl\u00e1\u0161en\u00ed uv\u00e1d\u00edme:<\/strong><\/p><p>\u201ePo rozhodnut\u00ed z\u00edskat akreditaci n\u00e1sledovaly bezm\u00e1la m\u011bs\u00edce studov\u00e1n\u00ed proces\u016f, a abychom pravdu \u0159ekli, zp\u011btn\u011b litujeme, \u017ee jsme si spole\u010dnost Akredita nenajali hned. Za prv\u00e9 jsme se pohybovali ve zcela ciz\u00edch a velmi p\u0159\u00edsn\u00fdch vod\u00e1ch, za druh\u00e9 bychom u\u0161et\u0159ili n\u00e1klady spojen\u00e9 se samostudiem na\u0161eho managementu. Po uzav\u0159en\u00ed smlouvy m\u011bly v\u011bci velmi p\u0159esn\u00fd, jasn\u00fd a dynamick\u00fd sp\u00e1d.<\/p><p>P\u0159esn\u011b jsme v\u011bd\u011bli, co a kdy budeme d\u011blat, kdo mus\u00ed b\u00fdt na co vy\u0161kolen a jak bude cel\u00fd proces prob\u00edhat. Po m\u011bs\u00edc\u00edch pr\u00e1ce na dokumentaci, kdy n\u00e1m Akredita pomohla, a to v\u00fdznamn\u00fdm zp\u016fsobem, doladit procesy, kontroly, intern\u00ed postupy atd., jsme st\u00e1li p\u0159ed intern\u00edm auditem.<\/p><p>V n\u011bm jsme si pro\u0161li v\u0161e, co se bude d\u00edt p\u0159i skute\u010dn\u00e9m hodnocen\u00ed komis\u00ed SNAS. Tam z n\u00e1s stres opadl, proto\u017ee jsme vid\u011bli, jak to bude.<\/p><p>Co se t\u00fd\u010de samotn\u00e9ho hodnocen\u00ed, byla komise SNAS p\u0159\u00edsn\u00e1, mus\u00edm v\u0161ak uznat, \u017ee byla tak\u00e9 velmi a vysoce profesion\u00e1ln\u00ed a korektn\u00ed.<\/p><p>Samotnou akreditaci ISO\/IEC 17025: 2017 jsme z\u00edskali hned napoprv\u00e9 a bez neshod.<\/p><p>Po euforii, kter\u00e1 v t\u00fdmu zavl\u00e1dla, jsme se v\u0161ichni jednozna\u010dn\u011b shodli na tom, \u017ee bez Akredity a jejich veden\u00ed bychom to prost\u011b nedok\u00e1zali.\u201c<\/p><p>D\u011bkujeme<\/p><p>T\u00fdm 3DTec<\/p><p><a href=\"http:\/\/www.3dtec.sk\" target=\"_blank\" rel=\"noopener\">www.3dtec.sk<\/a><\/p><p>*****<\/p>\t\t\t\t\t\t<\/div>\n\t\t\t\t<\/div>\n\t\t\t\t\t<\/div>\n\t\t<\/div>\n\t\t\t\t\t\t\t<\/div>\n\t\t<\/section>\n\t\t\t\t\t\t\t<\/div>","protected":false},"excerpt":{"rendered":"<p>Pr\u00edpadov\u00e1 \u0161t\u00fadia &#8211; 3DTec s.r.o. Spolo\u010dnos\u0165 3DTec s.r.o. n\u00e1m dala v\u00fdslovn\u00fd s\u00fahlas na uverejnenie tejto \u0161t\u00fadie za \u010do im \u010fakujeme. Spolo\u010dnos\u0165 3DTec s.r.o., tak ako m\u00e1 uveden\u00e9 na svojich str\u00e1nkach sa venuje 3D meraniam, meraniam na CMM, meraniam pomocou Trackermi a podobne. Ich majoritn\u00fd trh je Automotive. Pre svojich z\u00e1kazn\u00edkov chcela deklarova\u0165 svoju kompetenciu v [&hellip;]<\/p>","protected":false},"author":1,"featured_media":0,"parent":0,"menu_order":0,"comment_status":"closed","ping_status":"closed","template":"","meta":{"inline_featured_image":false,"footnotes":""},"class_list":["post-37","page","type-page","status-publish","hentry"],"yoast_head":"<!-- This site is optimized with the Yoast SEO plugin v19.13 - https:\/\/yoast.com\/wordpress\/plugins\/seo\/ -->\n<title>Akredita - Komplexn\u00e9 zabezpe\u010denie z\u00edskania akredit\u00e1cie ISO 17025<\/title>\n<meta name=\"robots\" content=\"index, follow, max-snippet:-1, max-image-preview:large, max-video-preview:-1\" \/>\n<link rel=\"canonical\" href=\"https:\/\/akredita.sk\/cz\/pripadova-studia\/\" \/>\n<meta property=\"og:locale\" content=\"cs_CZ\" \/>\n<meta property=\"og:type\" content=\"article\" \/>\n<meta property=\"og:title\" content=\"Akredita - Komplexn\u00e9 zabezpe\u010denie z\u00edskania akredit\u00e1cie ISO 17025\" \/>\n<meta property=\"og:description\" content=\"Pr\u00edpadov\u00e1 \u0161t\u00fadia &#8211; 3DTec s.r.o. Spolo\u010dnos\u0165 3DTec s.r.o. n\u00e1m dala v\u00fdslovn\u00fd s\u00fahlas na uverejnenie tejto \u0161t\u00fadie za \u010do im \u010fakujeme. Spolo\u010dnos\u0165 3DTec s.r.o., tak ako m\u00e1 uveden\u00e9 na svojich str\u00e1nkach sa venuje 3D meraniam, meraniam na CMM, meraniam pomocou Trackermi a podobne. Ich majoritn\u00fd trh je Automotive. Pre svojich z\u00e1kazn\u00edkov chcela deklarova\u0165 svoju kompetenciu v [&hellip;]\" \/>\n<meta property=\"og:url\" content=\"https:\/\/akredita.sk\/cz\/pripadova-studia\/\" \/>\n<meta property=\"og:site_name\" content=\"Komplexn\u00e9 zabezpe\u010denie z\u00edskania akredit\u00e1cie ISO 17025\" \/>\n<meta property=\"article:modified_time\" content=\"2023-01-18T12:54:01+00:00\" \/>\n<meta name=\"twitter:card\" content=\"summary_large_image\" \/>\n<meta name=\"twitter:label1\" content=\"Odhadovan\u00e1 doba \u010dten\u00ed\" \/>\n\t<meta name=\"twitter:data1\" content=\"2 minuty\" \/>\n<script type=\"application\/ld+json\" class=\"yoast-schema-graph\">{\"@context\":\"https:\/\/schema.org\",\"@graph\":[{\"@type\":\"WebPage\",\"@id\":\"https:\/\/akredita.sk\/pripadova-studia\/\",\"url\":\"https:\/\/akredita.sk\/pripadova-studia\/\",\"name\":\"Akredita - Komplexn\u00e9 zabezpe\u010denie z\u00edskania akredit\u00e1cie ISO 17025\",\"isPartOf\":{\"@id\":\"https:\/\/akredita.sk\/#website\"},\"datePublished\":\"2022-12-27T18:13:36+00:00\",\"dateModified\":\"2023-01-18T12:54:01+00:00\",\"breadcrumb\":{\"@id\":\"https:\/\/akredita.sk\/pripadova-studia\/#breadcrumb\"},\"inLanguage\":\"cs\",\"potentialAction\":[{\"@type\":\"ReadAction\",\"target\":[\"https:\/\/akredita.sk\/pripadova-studia\/\"]}]},{\"@type\":\"BreadcrumbList\",\"@id\":\"https:\/\/akredita.sk\/pripadova-studia\/#breadcrumb\",\"itemListElement\":[{\"@type\":\"ListItem\",\"position\":1,\"name\":\"Domov\",\"item\":\"https:\/\/akredita.sk\/\"},{\"@type\":\"ListItem\",\"position\":2,\"name\":\"Pr\u00edpadov\u00e1 \u0161t\u00fadia\"}]},{\"@type\":\"WebSite\",\"@id\":\"https:\/\/akredita.sk\/#website\",\"url\":\"https:\/\/akredita.sk\/\",\"name\":\"Komplexn\u00e9 zabezpe\u010denie z\u00edskania akredit\u00e1cie ISO 17025\",\"description\":\"\",\"potentialAction\":[{\"@type\":\"SearchAction\",\"target\":{\"@type\":\"EntryPoint\",\"urlTemplate\":\"https:\/\/akredita.sk\/?s={search_term_string}\"},\"query-input\":\"required name=search_term_string\"}],\"inLanguage\":\"cs\"}]}<\/script>\n<!-- \/ Yoast SEO plugin. -->","yoast_head_json":{"title":"Akredita - Komplexn\u00e9 zabezpe\u010denie z\u00edskania akredit\u00e1cie ISO 17025","robots":{"index":"index","follow":"follow","max-snippet":"max-snippet:-1","max-image-preview":"max-image-preview:large","max-video-preview":"max-video-preview:-1"},"canonical":"https:\/\/akredita.sk\/cz\/pripadova-studia\/","og_locale":"cs_CZ","og_type":"article","og_title":"Akredita - Komplexn\u00e9 zabezpe\u010denie z\u00edskania akredit\u00e1cie ISO 17025","og_description":"Pr\u00edpadov\u00e1 \u0161t\u00fadia &#8211; 3DTec s.r.o. Spolo\u010dnos\u0165 3DTec s.r.o. n\u00e1m dala v\u00fdslovn\u00fd s\u00fahlas na uverejnenie tejto \u0161t\u00fadie za \u010do im \u010fakujeme. Spolo\u010dnos\u0165 3DTec s.r.o., tak ako m\u00e1 uveden\u00e9 na svojich str\u00e1nkach sa venuje 3D meraniam, meraniam na CMM, meraniam pomocou Trackermi a podobne. Ich majoritn\u00fd trh je Automotive. Pre svojich z\u00e1kazn\u00edkov chcela deklarova\u0165 svoju kompetenciu v [&hellip;]","og_url":"https:\/\/akredita.sk\/cz\/pripadova-studia\/","og_site_name":"Komplexn\u00e9 zabezpe\u010denie z\u00edskania akredit\u00e1cie ISO 17025","article_modified_time":"2023-01-18T12:54:01+00:00","twitter_card":"summary_large_image","twitter_misc":{"Odhadovan\u00e1 doba \u010dten\u00ed":"2 minuty"},"schema":{"@context":"https:\/\/schema.org","@graph":[{"@type":"WebPage","@id":"https:\/\/akredita.sk\/pripadova-studia\/","url":"https:\/\/akredita.sk\/pripadova-studia\/","name":"Akredita - Komplexn\u00e9 zabezpe\u010denie z\u00edskania akredit\u00e1cie ISO 17025","isPartOf":{"@id":"https:\/\/akredita.sk\/#website"},"datePublished":"2022-12-27T18:13:36+00:00","dateModified":"2023-01-18T12:54:01+00:00","breadcrumb":{"@id":"https:\/\/akredita.sk\/pripadova-studia\/#breadcrumb"},"inLanguage":"cs","potentialAction":[{"@type":"ReadAction","target":["https:\/\/akredita.sk\/pripadova-studia\/"]}]},{"@type":"BreadcrumbList","@id":"https:\/\/akredita.sk\/pripadova-studia\/#breadcrumb","itemListElement":[{"@type":"ListItem","position":1,"name":"Domov","item":"https:\/\/akredita.sk\/"},{"@type":"ListItem","position":2,"name":"Pr\u00edpadov\u00e1 \u0161t\u00fadia"}]},{"@type":"WebSite","@id":"https:\/\/akredita.sk\/#website","url":"https:\/\/akredita.sk\/","name":"Komplexn\u00e9 zabezpe\u010denie z\u00edskania akredit\u00e1cie ISO 17025","description":"","potentialAction":[{"@type":"SearchAction","target":{"@type":"EntryPoint","urlTemplate":"https:\/\/akredita.sk\/?s={search_term_string}"},"query-input":"required name=search_term_string"}],"inLanguage":"cs"}]}},"_links":{"self":[{"href":"https:\/\/akredita.sk\/cz\/wp-json\/wp\/v2\/pages\/37","targetHints":{"allow":["GET"]}}],"collection":[{"href":"https:\/\/akredita.sk\/cz\/wp-json\/wp\/v2\/pages"}],"about":[{"href":"https:\/\/akredita.sk\/cz\/wp-json\/wp\/v2\/types\/page"}],"author":[{"embeddable":true,"href":"https:\/\/akredita.sk\/cz\/wp-json\/wp\/v2\/users\/1"}],"replies":[{"embeddable":true,"href":"https:\/\/akredita.sk\/cz\/wp-json\/wp\/v2\/comments?post=37"}],"version-history":[{"count":53,"href":"https:\/\/akredita.sk\/cz\/wp-json\/wp\/v2\/pages\/37\/revisions"}],"predecessor-version":[{"id":546,"href":"https:\/\/akredita.sk\/cz\/wp-json\/wp\/v2\/pages\/37\/revisions\/546"}],"wp:attachment":[{"href":"https:\/\/akredita.sk\/cz\/wp-json\/wp\/v2\/media?parent=37"}],"curies":[{"name":"wp","href":"https:\/\/api.w.org\/{rel}","templated":true}]}}