{"id":41,"date":"2022-12-27T18:13:56","date_gmt":"2022-12-27T18:13:56","guid":{"rendered":"https:\/\/akredita.sk\/?page_id=41"},"modified":"2023-11-15T19:34:29","modified_gmt":"2023-11-15T19:34:29","slug":"kontakt","status":"publish","type":"page","link":"https:\/\/akredita.sk\/cz\/kontakt\/","title":{"rendered":"Kontakt"},"content":{"rendered":"<div data-elementor-type=\"wp-page\" data-elementor-id=\"41\" class=\"elementor elementor-41\">\n\t\t\t\t\t\t\t\t\t<section class=\"elementor-section elementor-top-section elementor-element elementor-element-a7396b9 elementor-section-height-min-height elementor-section-items-bottom elementor-section-boxed elementor-section-height-default\" data-id=\"a7396b9\" data-element_type=\"section\" data-settings=\"{&quot;background_background&quot;:&quot;classic&quot;}\">\n\t\t\t\t\t\t<div class=\"elementor-container elementor-column-gap-default\">\n\t\t\t\t\t<div class=\"elementor-column elementor-col-50 elementor-top-column elementor-element elementor-element-1e2e28b\" data-id=\"1e2e28b\" data-element_type=\"column\">\n\t\t\t<div class=\"elementor-widget-wrap elementor-element-populated\">\n\t\t\t\t\t\t\t\t<div class=\"elementor-element elementor-element-2e30751 elementor-widget elementor-widget-heading\" data-id=\"2e30751\" data-element_type=\"widget\" data-widget_type=\"heading.default\">\n\t\t\t\t<div class=\"elementor-widget-container\">\n\t\t\t<style>\/*! elementor - v3.9.2 - 21-12-2022 *\/\n.elementor-heading-title{padding:0;margin:0;line-height:1}.elementor-widget-heading .elementor-heading-title[class*=elementor-size-]>a{color:inherit;font-size:inherit;line-height:inherit}.elementor-widget-heading .elementor-heading-title.elementor-size-small{font-size:15px}.elementor-widget-heading .elementor-heading-title.elementor-size-medium{font-size:19px}.elementor-widget-heading .elementor-heading-title.elementor-size-large{font-size:29px}.elementor-widget-heading .elementor-heading-title.elementor-size-xl{font-size:39px}.elementor-widget-heading .elementor-heading-title.elementor-size-xxl{font-size:59px}<\/style><h1 class=\"elementor-heading-title elementor-size-default\">Kontakt<\/h1>\t\t<\/div>\n\t\t\t\t<\/div>\n\t\t\t\t<div class=\"elementor-element elementor-element-73aa737 elementor-widget elementor-widget-breadcrumbs\" data-id=\"73aa737\" data-element_type=\"widget\" data-widget_type=\"breadcrumbs.default\">\n\t\t\t\t<div class=\"elementor-widget-container\">\n\t\t\t<link rel=\"stylesheet\" href=\"https:\/\/akredita.sk\/wp-content\/plugins\/elementor-pro\/assets\/css\/widget-theme-elements.min.css\"><p id=\"breadcrumbs\"><span><span><a href=\"https:\/\/akredita.sk\/cz\/\">Dom\u016f<\/a><\/span><\/span><\/p>\t\t<\/div>\n\t\t\t\t<\/div>\n\t\t\t\t\t<\/div>\n\t\t<\/div>\n\t\t\t\t<div class=\"elementor-column elementor-col-50 elementor-top-column elementor-element elementor-element-8d2e10c\" data-id=\"8d2e10c\" data-element_type=\"column\">\n\t\t\t<div class=\"elementor-widget-wrap\">\n\t\t\t\t\t\t\t\t\t<\/div>\n\t\t<\/div>\n\t\t\t\t\t\t\t<\/div>\n\t\t<\/section>\n\t\t\t\t<section class=\"elementor-section elementor-top-section elementor-element elementor-element-8df5312 elementor-section-boxed elementor-section-height-default elementor-section-height-default\" data-id=\"8df5312\" data-element_type=\"section\">\n\t\t\t\t\t\t<div class=\"elementor-container elementor-column-gap-default\">\n\t\t\t\t\t<div class=\"elementor-column elementor-col-100 elementor-top-column elementor-element elementor-element-4bb4876\" data-id=\"4bb4876\" data-element_type=\"column\">\n\t\t\t<div class=\"elementor-widget-wrap elementor-element-populated\">\n\t\t\t\t\t\t\t\t<div class=\"elementor-element elementor-element-f1da24e elementor-widget elementor-widget-heading\" data-id=\"f1da24e\" data-element_type=\"widget\" data-widget_type=\"heading.default\">\n\t\t\t\t<div class=\"elementor-widget-container\">\n\t\t\t<h3 class=\"elementor-heading-title elementor-size-default\">Pot\u0159ebujete pro svou spole\u010dnost z\u00edskat akreditaci ISO\/IEC 17025?<\/h3>\t\t<\/div>\n\t\t\t\t<\/div>\n\t\t\t\t<div class=\"elementor-element elementor-element-88d23ff elementor-widget elementor-widget-text-editor\" data-id=\"88d23ff\" data-element_type=\"widget\" data-widget_type=\"text-editor.default\">\n\t\t\t\t<div class=\"elementor-widget-container\">\n\t\t\t<style>\/*! elementor - v3.9.2 - 21-12-2022 *\/\n.elementor-widget-text-editor.elementor-drop-cap-view-stacked .elementor-drop-cap{background-color:#818a91;color:#fff}.elementor-widget-text-editor.elementor-drop-cap-view-framed .elementor-drop-cap{color:#818a91;border:3px solid;background-color:transparent}.elementor-widget-text-editor:not(.elementor-drop-cap-view-default) .elementor-drop-cap{margin-top:8px}.elementor-widget-text-editor:not(.elementor-drop-cap-view-default) .elementor-drop-cap-letter{width:1em;height:1em}.elementor-widget-text-editor .elementor-drop-cap{float:left;text-align:center;line-height:1;font-size:50px}.elementor-widget-text-editor .elementor-drop-cap-letter{display:inline-block}<\/style>\t\t\t\t<p>Kontaktujte n\u00e1s, r\u00e1di v\u00e1m pom\u016f\u017eeme.<\/p>\t\t\t\t\t\t<\/div>\n\t\t\t\t<\/div>\n\t\t\t\t\t<\/div>\n\t\t<\/div>\n\t\t\t\t\t\t\t<\/div>\n\t\t<\/section>\n\t\t\t\t<section class=\"elementor-section elementor-top-section elementor-element elementor-element-11030a3 elementor-section-boxed elementor-section-height-default elementor-section-height-default\" data-id=\"11030a3\" data-element_type=\"section\">\n\t\t\t\t\t\t<div class=\"elementor-container elementor-column-gap-default\">\n\t\t\t\t\t<div class=\"elementor-column elementor-col-33 elementor-top-column elementor-element elementor-element-fde6221\" data-id=\"fde6221\" data-element_type=\"column\">\n\t\t\t<div class=\"elementor-widget-wrap elementor-element-populated\">\n\t\t\t\t\t\t\t\t<div class=\"elementor-element elementor-element-3241d23 elementor-widget elementor-widget-text-editor\" data-id=\"3241d23\" data-element_type=\"widget\" data-widget_type=\"text-editor.default\">\n\t\t\t\t<div class=\"elementor-widget-container\">\n\t\t\t\t\t\t\t<p><strong>Kontakt:<br \/><\/strong>JUDr. R\u00f3bert Jur\u010da<br \/><br \/><br \/><strong>Tel.\u010d.:<\/strong><br \/><a style=\"color: black;\" href=\"tel: 421 911 618 700\">+421 911 618 700<\/a><br \/><br \/><br \/><strong>Emailov\u00fd kontakt:<br \/><\/strong><a style=\"color: black;\" href=\"mailto:robert.jurca@akredita.sk\"><br \/>robert.jurca@akredita.sk<\/a><\/p>\t\t\t\t\t\t<\/div>\n\t\t\t\t<\/div>\n\t\t\t\t<div class=\"elementor-element elementor-element-647e98c elementor-widget elementor-widget-text-editor\" data-id=\"647e98c\" data-element_type=\"widget\" data-widget_type=\"text-editor.default\">\n\t\t\t\t<div class=\"elementor-widget-container\">\n\t\t\t\t\t\t\t\t\t\t\t\t\t<\/div>\n\t\t\t\t<\/div>\n\t\t\t\t\t<\/div>\n\t\t<\/div>\n\t\t\t\t<div class=\"elementor-column elementor-col-66 elementor-top-column elementor-element elementor-element-06656ff\" data-id=\"06656ff\" data-element_type=\"column\">\n\t\t\t<div class=\"elementor-widget-wrap elementor-element-populated\">\n\t\t\t\t\t\t\t\t<div class=\"elementor-element elementor-element-dc53554 elementor-widget elementor-widget-text-editor\" data-id=\"dc53554\" data-element_type=\"widget\" data-widget_type=\"text-editor.default\">\n\t\t\t\t<div class=\"elementor-widget-container\">\n\t\t\t\t\t\t\t<h5><strong>Akredita s.r.o.<\/strong><br>Novoz\u00e1mock\u00e1 104<br>949 05 Nitra<br>Slovensk\u00e1 republika<\/h5>\t\t\t\t\t\t<\/div>\n\t\t\t\t<\/div>\n\t\t\t\t\t<\/div>\n\t\t<\/div>\n\t\t\t\t\t\t\t<\/div>\n\t\t<\/section>\n\t\t\t\t<section class=\"elementor-section elementor-top-section elementor-element elementor-element-d8e34b6 elementor-section-boxed elementor-section-height-default elementor-section-height-default\" data-id=\"d8e34b6\" data-element_type=\"section\">\n\t\t\t\t\t\t<div class=\"elementor-container elementor-column-gap-default\">\n\t\t\t\t\t<div class=\"elementor-column elementor-col-100 elementor-top-column elementor-element elementor-element-aa6afe8\" data-id=\"aa6afe8\" data-element_type=\"column\">\n\t\t\t<div class=\"elementor-widget-wrap elementor-element-populated\">\n\t\t\t\t\t\t\t\t<div class=\"elementor-element elementor-element-cb93978 elementor-widget elementor-widget-heading\" data-id=\"cb93978\" data-element_type=\"widget\" data-widget_type=\"heading.default\">\n\t\t\t\t<div class=\"elementor-widget-container\">\n\t\t\t<h3 class=\"elementor-heading-title elementor-size-default\">Kde n\u00e1s najdete? <\/h3>\t\t<\/div>\n\t\t\t\t<\/div>\n\t\t\t\t<div class=\"elementor-element elementor-element-9460d21 elementor-widget elementor-widget-google_maps\" data-id=\"9460d21\" data-element_type=\"widget\" data-widget_type=\"google_maps.default\">\n\t\t\t\t<div class=\"elementor-widget-container\">\n\t\t\t<style>\/*! elementor - v3.9.2 - 21-12-2022 *\/\n.elementor-widget-google_maps .elementor-widget-container{overflow:hidden}.elementor-widget-google_maps iframe{height:300px}<\/style>\t\t<div class=\"elementor-custom-embed\">\n\t\t\t<iframe frameborder=\"0\" scrolling=\"no\" marginheight=\"0\" marginwidth=\"0\"\n\t\t\t\t\tsrc=\"https:\/\/maps.google.com\/maps?q=novoz%C3%A1mocka%20104%2C%20nitra&#038;t=m&#038;z=16&#038;output=embed&#038;iwloc=near\"\n\t\t\t\t\ttitle=\"novoz\u00e1mocka 104, nitra\"\n\t\t\t\t\taria-label=\"novoz\u00e1mocka 104, nitra\"\n\t\t\t><\/iframe>\n\t\t<\/div>\n\t\t\t\t<\/div>\n\t\t\t\t<\/div>\n\t\t\t\t\t<\/div>\n\t\t<\/div>\n\t\t\t\t\t\t\t<\/div>\n\t\t<\/section>\n\t\t\t\t\t\t\t<\/div>","protected":false},"excerpt":{"rendered":"<p>Kontakt Potrebujete z\u00edska\u0165 akredit\u00e1ciu ISO\/IEC 17025 pre va\u0161u spolo\u010dnos\u0165? Kontaktujte n\u00e1s, radi v\u00e1m pom\u00f4\u017eeme. Kontakt:JUDr. R\u00f3bert Jur\u010da Tel.\u010d.:+421 911 618 700 Emailov\u00fd kontakt:robert.jurca@akredita.sk Akredita s.r.o.Novoz\u00e1mock\u00e1 104949 05 NitraSlovensk\u00e1 republika Kde n\u00e1s n\u00e1jdete?<\/p>","protected":false},"author":1,"featured_media":0,"parent":0,"menu_order":0,"comment_status":"closed","ping_status":"closed","template":"","meta":{"inline_featured_image":false,"footnotes":""},"class_list":["post-41","page","type-page","status-publish","hentry"],"yoast_head":"<!-- This site is optimized with the Yoast SEO plugin v19.13 - https:\/\/yoast.com\/wordpress\/plugins\/seo\/ -->\n<title>Akredita - Komplexn\u00e9 zabezpe\u010denie z\u00edskania akredit\u00e1cie ISO 17025<\/title>\n<meta name=\"robots\" content=\"index, follow, max-snippet:-1, max-image-preview:large, max-video-preview:-1\" \/>\n<link rel=\"canonical\" href=\"https:\/\/akredita.sk\/cz\/kontakt\/\" \/>\n<meta property=\"og:locale\" content=\"cs_CZ\" \/>\n<meta property=\"og:type\" content=\"article\" \/>\n<meta property=\"og:title\" content=\"Akredita - Komplexn\u00e9 zabezpe\u010denie z\u00edskania akredit\u00e1cie ISO 17025\" \/>\n<meta property=\"og:description\" content=\"Kontakt Potrebujete z\u00edska\u0165 akredit\u00e1ciu ISO\/IEC 17025 pre va\u0161u spolo\u010dnos\u0165? Kontaktujte n\u00e1s, radi v\u00e1m pom\u00f4\u017eeme. Kontakt:JUDr. R\u00f3bert Jur\u010da Tel.\u010d.:+421 911 618 700 Emailov\u00fd kontakt:robert.jurca@akredita.sk Akredita s.r.o.Novoz\u00e1mock\u00e1 104949 05 NitraSlovensk\u00e1 republika Kde n\u00e1s n\u00e1jdete?\" \/>\n<meta property=\"og:url\" content=\"https:\/\/akredita.sk\/cz\/kontakt\/\" \/>\n<meta property=\"og:site_name\" content=\"Komplexn\u00e9 zabezpe\u010denie z\u00edskania akredit\u00e1cie ISO 17025\" \/>\n<meta property=\"article:modified_time\" content=\"2023-11-15T19:34:29+00:00\" \/>\n<meta name=\"twitter:card\" content=\"summary_large_image\" \/>\n<meta name=\"twitter:label1\" content=\"Odhadovan\u00e1 doba \u010dten\u00ed\" \/>\n\t<meta name=\"twitter:data1\" content=\"1 minuta\" \/>\n<script type=\"application\/ld+json\" class=\"yoast-schema-graph\">{\"@context\":\"https:\/\/schema.org\",\"@graph\":[{\"@type\":\"WebPage\",\"@id\":\"https:\/\/akredita.sk\/kontakt\/\",\"url\":\"https:\/\/akredita.sk\/kontakt\/\",\"name\":\"Akredita - Komplexn\u00e9 zabezpe\u010denie z\u00edskania akredit\u00e1cie ISO 17025\",\"isPartOf\":{\"@id\":\"https:\/\/akredita.sk\/#website\"},\"datePublished\":\"2022-12-27T18:13:56+00:00\",\"dateModified\":\"2023-11-15T19:34:29+00:00\",\"breadcrumb\":{\"@id\":\"https:\/\/akredita.sk\/kontakt\/#breadcrumb\"},\"inLanguage\":\"cs\",\"potentialAction\":[{\"@type\":\"ReadAction\",\"target\":[\"https:\/\/akredita.sk\/kontakt\/\"]}]},{\"@type\":\"BreadcrumbList\",\"@id\":\"https:\/\/akredita.sk\/kontakt\/#breadcrumb\",\"itemListElement\":[{\"@type\":\"ListItem\",\"position\":1,\"name\":\"Domov\",\"item\":\"https:\/\/akredita.sk\/\"},{\"@type\":\"ListItem\",\"position\":2,\"name\":\"Kontakt\"}]},{\"@type\":\"WebSite\",\"@id\":\"https:\/\/akredita.sk\/#website\",\"url\":\"https:\/\/akredita.sk\/\",\"name\":\"Komplexn\u00e9 zabezpe\u010denie z\u00edskania akredit\u00e1cie ISO 17025\",\"description\":\"\",\"potentialAction\":[{\"@type\":\"SearchAction\",\"target\":{\"@type\":\"EntryPoint\",\"urlTemplate\":\"https:\/\/akredita.sk\/?s={search_term_string}\"},\"query-input\":\"required name=search_term_string\"}],\"inLanguage\":\"cs\"}]}<\/script>\n<!-- \/ Yoast SEO plugin. -->","yoast_head_json":{"title":"Akredita - Komplexn\u00e9 zabezpe\u010denie z\u00edskania akredit\u00e1cie ISO 17025","robots":{"index":"index","follow":"follow","max-snippet":"max-snippet:-1","max-image-preview":"max-image-preview:large","max-video-preview":"max-video-preview:-1"},"canonical":"https:\/\/akredita.sk\/cz\/kontakt\/","og_locale":"cs_CZ","og_type":"article","og_title":"Akredita - Komplexn\u00e9 zabezpe\u010denie z\u00edskania akredit\u00e1cie ISO 17025","og_description":"Kontakt Potrebujete z\u00edska\u0165 akredit\u00e1ciu ISO\/IEC 17025 pre va\u0161u spolo\u010dnos\u0165? Kontaktujte n\u00e1s, radi v\u00e1m pom\u00f4\u017eeme. Kontakt:JUDr. R\u00f3bert Jur\u010da Tel.\u010d.:+421 911 618 700 Emailov\u00fd kontakt:robert.jurca@akredita.sk Akredita s.r.o.Novoz\u00e1mock\u00e1 104949 05 NitraSlovensk\u00e1 republika Kde n\u00e1s n\u00e1jdete?","og_url":"https:\/\/akredita.sk\/cz\/kontakt\/","og_site_name":"Komplexn\u00e9 zabezpe\u010denie z\u00edskania akredit\u00e1cie ISO 17025","article_modified_time":"2023-11-15T19:34:29+00:00","twitter_card":"summary_large_image","twitter_misc":{"Odhadovan\u00e1 doba \u010dten\u00ed":"1 minuta"},"schema":{"@context":"https:\/\/schema.org","@graph":[{"@type":"WebPage","@id":"https:\/\/akredita.sk\/kontakt\/","url":"https:\/\/akredita.sk\/kontakt\/","name":"Akredita - Komplexn\u00e9 zabezpe\u010denie z\u00edskania akredit\u00e1cie ISO 17025","isPartOf":{"@id":"https:\/\/akredita.sk\/#website"},"datePublished":"2022-12-27T18:13:56+00:00","dateModified":"2023-11-15T19:34:29+00:00","breadcrumb":{"@id":"https:\/\/akredita.sk\/kontakt\/#breadcrumb"},"inLanguage":"cs","potentialAction":[{"@type":"ReadAction","target":["https:\/\/akredita.sk\/kontakt\/"]}]},{"@type":"BreadcrumbList","@id":"https:\/\/akredita.sk\/kontakt\/#breadcrumb","itemListElement":[{"@type":"ListItem","position":1,"name":"Domov","item":"https:\/\/akredita.sk\/"},{"@type":"ListItem","position":2,"name":"Kontakt"}]},{"@type":"WebSite","@id":"https:\/\/akredita.sk\/#website","url":"https:\/\/akredita.sk\/","name":"Komplexn\u00e9 zabezpe\u010denie z\u00edskania akredit\u00e1cie ISO 17025","description":"","potentialAction":[{"@type":"SearchAction","target":{"@type":"EntryPoint","urlTemplate":"https:\/\/akredita.sk\/?s={search_term_string}"},"query-input":"required name=search_term_string"}],"inLanguage":"cs"}]}},"_links":{"self":[{"href":"https:\/\/akredita.sk\/cz\/wp-json\/wp\/v2\/pages\/41","targetHints":{"allow":["GET"]}}],"collection":[{"href":"https:\/\/akredita.sk\/cz\/wp-json\/wp\/v2\/pages"}],"about":[{"href":"https:\/\/akredita.sk\/cz\/wp-json\/wp\/v2\/types\/page"}],"author":[{"embeddable":true,"href":"https:\/\/akredita.sk\/cz\/wp-json\/wp\/v2\/users\/1"}],"replies":[{"embeddable":true,"href":"https:\/\/akredita.sk\/cz\/wp-json\/wp\/v2\/comments?post=41"}],"version-history":[{"count":77,"href":"https:\/\/akredita.sk\/cz\/wp-json\/wp\/v2\/pages\/41\/revisions"}],"predecessor-version":[{"id":559,"href":"https:\/\/akredita.sk\/cz\/wp-json\/wp\/v2\/pages\/41\/revisions\/559"}],"wp:attachment":[{"href":"https:\/\/akredita.sk\/cz\/wp-json\/wp\/v2\/media?parent=41"}],"curies":[{"name":"wp","href":"https:\/\/api.w.org\/{rel}","templated":true}]}}