{"id":501,"date":"2023-01-08T20:44:30","date_gmt":"2023-01-08T20:44:30","guid":{"rendered":"https:\/\/akredita.sk\/?page_id=501"},"modified":"2023-01-08T21:26:31","modified_gmt":"2023-01-08T21:26:31","slug":"zasady-ochrany-osobnych-udajov","status":"publish","type":"page","link":"https:\/\/akredita.sk\/cz\/zasady-ochrany-osobnych-udajov\/","title":{"rendered":"Z\u00e1sady ochrany osobn\u00fdch \u00fadajov"},"content":{"rendered":"<div data-elementor-type=\"wp-page\" data-elementor-id=\"501\" class=\"elementor elementor-501\">\n\t\t\t\t\t\t\t\t\t<section class=\"elementor-section elementor-top-section elementor-element elementor-element-3778438 elementor-section-boxed elementor-section-height-default elementor-section-height-default\" data-id=\"3778438\" data-element_type=\"section\">\n\t\t\t\t\t\t<div class=\"elementor-container elementor-column-gap-default\">\n\t\t\t\t\t<div class=\"elementor-column elementor-col-100 elementor-top-column elementor-element elementor-element-76d1884\" data-id=\"76d1884\" data-element_type=\"column\">\n\t\t\t<div class=\"elementor-widget-wrap elementor-element-populated\">\n\t\t\t\t\t\t\t\t<div class=\"elementor-element elementor-element-d7832df elementor-widget elementor-widget-text-editor\" data-id=\"d7832df\" data-element_type=\"widget\" data-widget_type=\"text-editor.default\">\n\t\t\t\t<div class=\"elementor-widget-container\">\n\t\t\t<style>\/*! elementor - v3.9.2 - 21-12-2022 *\/\n.elementor-widget-text-editor.elementor-drop-cap-view-stacked .elementor-drop-cap{background-color:#818a91;color:#fff}.elementor-widget-text-editor.elementor-drop-cap-view-framed .elementor-drop-cap{color:#818a91;border:3px solid;background-color:transparent}.elementor-widget-text-editor:not(.elementor-drop-cap-view-default) .elementor-drop-cap{margin-top:8px}.elementor-widget-text-editor:not(.elementor-drop-cap-view-default) .elementor-drop-cap-letter{width:1em;height:1em}.elementor-widget-text-editor .elementor-drop-cap{float:left;text-align:center;line-height:1;font-size:50px}.elementor-widget-text-editor .elementor-drop-cap-letter{display:inline-block}<\/style>\t\t\t\t<h2>Kto sme<\/h2>\n<p><\/p>\n<p>Adresa na\u0161ej webovej str\u00e1nky je:&nbsp;https:\/\/akredita.sk<\/p>\n<p><\/p>\n<h2><strong>Ak\u00e9 \u00fadaje zbierame a pre\u010do<\/strong><\/h2>\n<p><\/p>\n<h3><em>Formul\u00e1re na na\u0161ich str\u00e1nkach<\/em><\/h3>\n<p><\/p>\n<p>Vyplnen\u00edm formul\u00e1rov n\u00e1m poskytujete va\u0161e meno a priezvisko, e-mail, telef\u00f3nne \u010d\u00edslo a obsah va\u0161ej spr\u00e1vy. \u00dadaje potrebujeme, aby sme v\u00e1s vedeli sp\u00e4tne kontaktova\u0165 a odpoveda\u0165 na v\u0161etky va\u0161e ot\u00e1zky.<\/p>\n<p><\/p>\n<h3><i>Odpove\u010f na ot\u00e1zku<\/i><\/h3>\n<p><\/p>\n<p>Svoj\u00edm s\u00fahlasom potvrdzujete spracovanie va\u0161ich \u00fadajov, aby sme v\u00e1m mohli v\u017edy odpoveda\u0165 a informova\u0165 v\u00e1s o d\u00f4le\u017eit\u00fdch novink\u00e1ch, ktor\u00e9 m\u00f4\u017eete vyu\u017ei\u0165 aj na na\u0161om webe.<\/p>\n<p><\/p>\n<h2><strong>Ako dlho uchov\u00e1vame va\u0161e \u00fadaje<\/strong><\/h2>\n<p><\/p>\n<p>Vyplnen\u00e9 formul\u00e1re \u2013 na nevyhnutn\u00fa dobu.<\/p>\n<p><\/p>\n<p>Koment\u00e1re \u2013 k\u00fdm nepo\u017eiadate o v\u00fdmaz.<\/p>\n<p><\/p>\n<p>E-mail na newslettre \u2013 k\u00fdm nepo\u017eiadate o zru\u0161enie zasielania.<\/p>\n<p><\/p>\n<h2>\u010co s\u00fa s\u00fabory cookies?<\/h2>\n<p><\/p>\n<p>Cookies s\u00fa mal\u00e9 textov\u00e9 s\u00fabory vytv\u00e1ran\u00e9 webov\u00fdm serverom a ukladan\u00e9 vo Va\u0161om po\u010d\u00edta\u010di alebo mobilnom zariaden\u00ed pri prehliadan\u00ed webu. V\u010faka t\u00fdmto s\u00faborom si webov\u00fd server zapam\u00e4t\u00e1 na ur\u010dit\u00fd \u010das V\u00e1\u0161 pohyb a preferencie na webovej str\u00e1nke (napr. zvolen\u00fd jazyk, ve\u013ekos\u0165 p\u00edsma a pod.) a pri \u010fal\u0161ej n\u00e1v\u0161teve webovej str\u00e1nky ich u\u017e nemus\u00edte znovu zad\u00e1va\u0165. S\u00fabory Cookies vyu\u017e\u00edvaj\u00fa pre svoju \u010dinnos\u0165 v\u00e4\u010d\u0161ina webov\u00fdch str\u00e1nok a e-shopov.<\/p>\n<p><\/p>\n<h2>Rozdelenie s\u00faborov cookies<\/h2>\n<p><\/p>\n<p>S\u00fabory cookies sa daj\u00fa rozdeli\u0165 pod\u013ea trvanlivosti na:<\/p>\n<ul>\n<li>\n<ul>\n<li>Kr\u00e1tkodob\u00e9 (session cookie) \u2013 po zavret\u00ed prehliada\u010da sa vyma\u017e\u00fa z V\u00e1\u0161ho po\u010d\u00edta\u010da<\/li>\n<\/ul>\n<\/li>\n<\/ul>\n<ul>\n<li>\n<ul>\n<li>Dlhodob\u00e9 (persisten cookie) \u2013 po zavret\u00ed prehliada\u010da zost\u00e1vaj\u00fa ulo\u017een\u00e9 vo Va\u0161om po\u010d\u00edta\u010di a vyma\u017e\u00fa sa po uplynut\u00ed ve\u013emi dlhej doby. (Pod\u013ea nastavenia V\u00e1\u0161ho prehliada\u010da). Zmaza\u0165 ich m\u00f4\u017eete aj ru\u010dne.<\/li>\n<\/ul>\n<\/li>\n<\/ul>\n<p>Pod\u013ea \u00fa\u010delu ich vieme rozdeli\u0165 na:<\/p>\n<ul>\n<li>\n<ul>\n<li>Technick\u00e9 \u2013 sl\u00fa\u017eia k z\u00e1kladn\u00fdm funkci\u00e1m webu alebo str\u00e1nky (prehr\u00e1vanie videa, zdie\u013eanie obsahu, prihlasovanie)<\/li>\n<\/ul>\n<\/li>\n<\/ul>\n<ul>\n<li>\n<ul>\n<li>Analytick\u00e9 \u2013 sl\u00fa\u017eia na zbieranie neanonymn\u00fdch d\u00e1t o Va\u0161om chovan\u00ed. Na ich z\u00e1klade m\u00f4\u017eeme upravova\u0165 web tak, aby bol viac pou\u017e\u00edvate\u013esky pr\u00edjemnej\u0161\u00ed.<\/li>\n<\/ul>\n<\/li>\n<\/ul>\n<ul>\n<li>\n<ul>\n<li>Remarketingov\u00e9 \u2013 sl\u00fa\u017eia k cielen\u00e9mu zobrazovaniu rekl\u00e1m na pou\u017e\u00edvate\u013ea<\/li>\n<\/ul>\n<\/li>\n<\/ul>\n<h2>Ako pou\u017e\u00edvame s\u00fabory cookies ?<\/h2>\n<p><\/p>\n<p>Tieto webov\u00e9 str\u00e1nky pou\u017e\u00edvaj\u00fa s\u00fabory cookies na:<\/p>\n<ul>\n<li>\n<ul>\n<li>Pre nevyhnutn\u00fa funkcionalitu webu<\/li>\n<\/ul>\n<\/li>\n<\/ul>\n<ul>\n<li>\n<ul>\n<li>Zapam\u00e4tanie si pou\u017e\u00edvate\u013esk\u00fdch nastaven\u00ed<\/li>\n<\/ul>\n<\/li>\n<\/ul>\n<ul>\n<li>\n<ul>\n<li>Zhroma\u017e\u010fovanie anonymn\u00fdch \u0161tatistick\u00fdch inform\u00e1ci\u00ed o n\u00e1v\u0161tevn\u00edkoch<\/li>\n<\/ul>\n<\/li>\n<\/ul>\n<ul>\n<li>\n<ul>\n<li>Pre lep\u0161ie prisp\u00f4sobenie rekl\u00e1m a zdie\u013eanie obsahu na soci\u00e1lnych sie\u0165ach<\/li>\n<\/ul>\n<\/li>\n<\/ul>\n<h2>Ak\u00e9 s\u00fabory cookies pou\u017e\u00edvame ?<\/h2>\n<p><\/p>\n<h3>Google Analytics<\/h3>\n<p><\/p>\n<p>Slu\u017eba Google Analytics je poskytovan\u00e1 spolo\u010dnos\u0165ou Google, Inc. Sl\u00fa\u017ei na z\u00edskavanie a zhroma\u017e\u010fovanie anonymizovan\u00fdch \u0161tatistick\u00fdch \u00fadajov o pou\u017e\u00edvan\u00ed webovej str\u00e1nky pou\u017e\u00edvate\u013emi. Cie\u013eom pou\u017eitia slu\u017eby je bli\u017e\u0161ie pochopenie potrieb na\u0161ich n\u00e1v\u0161tevn\u00edkov a uisti\u0165 sa o ich spokojnosti. Google Analytics uklad\u00e1 inform\u00e1cie o tom ak\u00e9 str\u00e1nky nav\u0161tevujete, ako dlho sa na nich zdr\u017e\u00edte, odkia\u013e ste na str\u00e1nky pri\u0161li a na ak\u00e9 odkazy klik\u00e1te. V\u0161etky inform\u00e1cie spolu so s\u00fabormi cookies s\u00fa spolo\u010dnos\u0165ou Google, Inc. prenesen\u00e9 a ulo\u017een\u00e9 na serveroch v Spojen\u00fdch \u0161t\u00e1toch americk\u00fdch. Tieto d\u00e1ta neobsahuj\u00fa \u017eiadne d\u00f4vern\u00e9 \u00fadaje, na z\u00e1klade ktor\u00fdch, by sme boli schopn\u00ed identifikova\u0165 konkr\u00e9tneho n\u00e1v\u0161tevn\u00edka. D\u013a\u017eka uchov\u00e1vania t\u00fdchto inform\u00e1ci\u00ed je nastaven\u00e1 na neur\u010dito. Spolo\u010dnos\u0165 Google, Inc. m\u00f4\u017ee tieto \u00fadaje poskytn\u00fa\u0165 tret\u00edm stran\u00e1m, pokia\u013e to bude vy\u017eadova\u0165 z\u00e1kon.<\/p>\n<p><\/p>\n<p>Pre viac inform\u00e1ci\u00ed o ochrane s\u00fakromia kliknite sem:&nbsp;<a href=\"https:\/\/support.google.com\/analytics\/topic\/2919631?hl=sk&amp;ref_topic=1008008\">https:\/\/support.google.com\/analytics\/topic\/2919631?hl=sk&amp;ref_topic=1008008<\/a><\/p>\n<p><\/p>\n<p>Pre nain\u0161talovanie softv\u00e9rov\u00e9ho doplnku na odmietnutie s\u00faborov cookies Google Analytics kliknite sem:&nbsp;<a href=\"https:\/\/tools.google.com\/dlpage\/gaoptout\">https:\/\/tools.google.com\/dlpage\/gaoptou<\/a><\/p>\n<p><\/p>\n<h3>Facebook<\/h3>\n<p><\/p>\n<p>Spolo\u010dnos\u0165 Facebook, Inc. vyu\u017e\u00edva s\u00fabory cookies na obsluhu like a share tla\u010didiel, tak aby mohol n\u00e1v\u0161tevn\u00edk webovej str\u00e1nky r\u00fdchlej\u0161ie a pohodlnej\u0161ie zdie\u013ea\u0165 inform\u00e1cie zobrazen\u00e9 na Va\u0161ej webovej str\u00e1nke. (napr. \u010dl\u00e1nky, produkty, portf\u00f3lio a pod.) Pre viac inform\u00e1ci\u00ed o s\u00faboroch cookies vyu\u017e\u00edvan\u00e9 spolo\u010dnos\u0165ou Facebook, Inc. kliknite sem:&nbsp;<a href=\"https:\/\/sk-sk.facebook.com\/policies\/cookies\/\">https:\/\/sk-sk.facebook.com\/policies\/cookies\/<\/a><\/p>\n<p><\/p>\n<h2>Nastavenie prehliada\u010da<\/h2>\n<p><\/p>\n<p>V\u00e4\u010d\u0161ina webov\u00fdch prehliada\u010dov m\u00f4\u017ee by\u0165 nastaven\u00e1 tak, aby blokovala s\u00fabory cookies. A to aj napriek tomu, \u017ee niektor\u00e9 prvky na webovej str\u00e1nke nemusia pracova\u0165 spr\u00e1vne. Nastavenie s\u00faborov cookies sa obvykle nach\u00e1dza v z\u00e1lo\u017eke \u201eMo\u017enosti\u201c alebo \u201eNastavenia\u201c.<\/p>\n<p><\/p>\n<p>Nastavenia s\u00faborov cookies pre konkr\u00e9tne prehliada\u010de:<\/p>\n<ul>\n<li>\n<ul>\n<li>Internet Explorer \u2013&nbsp;<a href=\"https:\/\/support.microsoft.com\/sk-sk\/help\/17442\/windows-internet-explorer-delete-manage-cookies\">https:\/\/support.microsoft.com\/sk-sk\/help\/17442\/windows-internet-explorer-delete-manage-cookies<\/a><\/li>\n<\/ul>\n<\/li>\n<\/ul>\n<ul>\n<li>\n<ul>\n<li>Mozilla Firefox \u2013&nbsp;<a href=\"https:\/\/support.mozilla.org\/sk\/kb\/Spr%C3%A1va%20cookies\">https:\/\/support.mozilla.org\/sk\/kb\/Spr%C3%A1va%20cookies<\/a><\/li>\n<\/ul>\n<\/li>\n<\/ul>\n<ul>\n<li>\n<ul>\n<li>Google Chrome \u2013&nbsp;<a href=\"https:\/\/support.google.com\/chrome\/answer\/95647?hl=sk\">https:\/\/support.google.com\/chrome\/answer\/95647?hl=sk<\/a><\/li>\n<\/ul>\n<\/li>\n<\/ul>\n<ul>\n<li>\n<ul>\n<li>Safari \u2013&nbsp;<a href=\"https:\/\/support.apple.com\/kb\/ph21411?locale=sk_SK\">https:\/\/support.apple.com\/kb\/ph21411?locale=sk_SK<\/a><\/li>\n<\/ul>\n<\/li>\n<\/ul>\n<p>Pre \u010fal\u0161ie inform\u00e1cie o s\u00faboroch cookies a ich vyu\u017eit\u00ed n\u00e1jdete na str\u00e1nkach&nbsp;<a href=\"https:\/\/www.aboutcookies.org\/\">https:\/\/aboutcookies.org\/<\/a><\/p>\n<p><\/p>\n<h2><strong>Na \u010do m\u00e1te pr\u00e1vo<\/strong><\/h2>\n<ul>\n<li>\n<ul>\n<li>Zisti\u0165, ak\u00e9 \u00fadaje z\u00edskavame, za ak\u00fdm \u00fa\u010delom, v akom rozsahu, ako dlho a kto k nim m\u00e1 pr\u00edstup.<\/li>\n<\/ul>\n<\/li>\n<\/ul>\n<ul>\n<li>\n<ul>\n<li>Po\u017eiada\u0165 o opravu alebo vymazanie va\u0161ich \u00fadajov.<\/li>\n<\/ul>\n<\/li>\n<\/ul>\n<ul>\n<li>\n<ul>\n<li>Po\u017eiada\u0165 o ukon\u010denie zasielania e-mailov\u00fdch spr\u00e1v.<\/li>\n<\/ul>\n<\/li>\n<\/ul>\n<ul>\n<li>\n<ul>\n<li>Odvola\u0165 s\u00fahlas so spracovan\u00edm osobn\u00fdch \u00fadajov.<\/li>\n<\/ul>\n<\/li>\n<\/ul>\n<h2><strong>Na koho sa m\u00f4\u017eete obr\u00e1ti\u0165<\/strong><\/h2>\n<p><\/p>\n<p>robert.jurca@akredita.sk<\/p>\n<p><\/p>\n<p><strong>Podmienky ochrany osobn\u00fdch \u00fadajov<\/strong><br><strong>I. Z\u00e1kladn\u00e9 ustanovenia<\/strong><br>Prev\u00e1dzkovate\u013e osobn\u00fdch \u00fadajov pod\u013ea \u010dl. 4 bod 7 nariadenia Eur\u00f3pskeho parlamentu a Rady (EU) 2016\/679 o ochrane fyzick\u00fdch os\u00f4b v s\u00favislosti so spracovan\u00edm osobn\u00fdch \u00fadajov a o vo\u013enom pohybe t\u00fdchto \u00fadajov (\u010falej len: \u201eGDPR\u201d) je InterimYou International s.r.o. so s\u00eddlom v Novoz\u00e1mock\u00e1 104, Nitra, Slovakia (\u010falej len: \u201eprev\u00e1dzkovate\u013e\u201c).<br><strong>Kontaktn\u00e9 \u00fadaje prev\u00e1dzkovate\u013ea s\u00fa:<\/strong><br>Email: robert.jurca@akredita.sk<br>Osobn\u00fdmi \u00fadajmi s\u00fa \u00fadaje t\u00fdkaj\u00face sa identifikovanej fyzickej osoby alebo identifikovate\u013enej fyzickej osoby, ktor\u00fa mo\u017eno identifikova\u0165 priamo alebo nepriamo, najm\u00e4 na z\u00e1klade v\u0161eobecne pou\u017eite\u013en\u00e9ho identifik\u00e1tora, in\u00e9ho identifik\u00e1tora, ako je napr\u00edklad meno, priezvisko, identifika\u010dn\u00e9 \u010d\u00edslo, lokaliza\u010dn\u00e9 \u00fadaje, alebo online identifik\u00e1tor, alebo na z\u00e1klade jednej alebo viacer\u00fdch charakterist\u00edk alebo znakov, ktor\u00e9 tvoria jej fyzick\u00fa identitu, fyziologick\u00fa identitu, genetick\u00fa identitu, psychick\u00fa identitu, ment\u00e1lnu identitu, ekonomick\u00fa identitu, kult\u00farnu identitu alebo soci\u00e1lnu identitu.<br>Prev\u00e1dzkovate\u013e osobn\u00fdch \u00fadajov nemenoval sprostredkovate\u013ea na ochranu osobn\u00fdch \u00fadajov.<br><strong>II. Zdroje a kateg\u00f3rie spracov\u00e1van\u00fdch osobn\u00fdch \u00fadajov<\/strong><br>Prev\u00e1dzkovate\u013e spracov\u00e1va osobn\u00e9 \u00fadaje, ktor\u00e9 ste mu poskytli alebo osobn\u00e9 \u00fadaje, kter\u00e9 prev\u00e1dzkovate\u013e z\u00edskal na z\u00e1klade plnenia Va\u0161ej objedn\u00e1vky.<br>Prev\u00e1dzkovate\u013e spracov\u00e1va Va\u0161e identifika\u010dn\u00e9 a kontaktn\u00e9 \u00fadaje a \u00fadaje nevyhnutn\u00e9 pre plnenie zmluvy.<br><strong>III. Z\u00e1konn\u00fd d\u00f4vod a \u00fa\u010del spracovania osobn\u00fdch \u00fadajov<\/strong><br>Z\u00e1konn\u00fdm d\u00f4vodom spracovania osobn\u00fdch \u00fadajov je<br>plnenie zmluvy medzi Vami a prev\u00e1dzkovate\u013eom pod\u013ea \u010dl. 6 odst. 1 p\u00edsm. b) GDPR,<br>opr\u00e1vnen\u00fd z\u00e1ujem prev\u00e1dzkovate\u013ea na poskytovanie priameho marketingu (najm\u00e4 na zasielanie obchodn\u00fdch pon\u00fak a newsletterov) pod\u013ea \u010dl. 6 odst. 1 p\u00edsm. f) GDPR,<br>sprac\u00favanie je nevyhnutn\u00e9 na plnenie zmluvy, ktorej zmluvnou stranou je dotknut\u00e1 osoba, alebo aby sa na z\u00e1klade \u017eiadosti dotknutej osoby vykonali opatrenia pred uzatvoren\u00edm zmluvy.<br>\u00da\u010delom spracovania osobn\u00fdch \u00fadajov je<br>vybavenie Va\u0161ej po\u017eiadavky a v\u00fdkon pr\u00e1v a povinnost\u00ed vypl\u00fdvaj\u00facich zo zmluvn\u00e9ho vz\u0165ahu medzi Vami a prev\u00e1dzkovate\u013eom; pri vyp\u013a\u0148an\u00ed kontaktn\u00e9ho formul\u00e1ra s\u00fa vy\u017eadovan\u00e9 osobn\u00e9 \u00fadaje, ktor\u00e9 s\u00fa nutn\u00e9 pre \u00faspe\u0161n\u00e9 vybavenie po\u017eiadavky (meno a adresa, kontakt)<br>zasielanie obchodn\u00fdch pon\u00fak a vykon\u00e1vanie \u010fal\u0161\u00edch marketingov\u00fdch aktiv\u00edt.<br>Zo strany prev\u00e1dzkovate\u013ea neprich\u00e1dza k automatick\u00e9mu individu\u00e1lnemu rozhodovaniu v zmysle \u010dl. 22 GDPR. S tak\u00fdm spracovan\u00edm jste poskytli svoj v\u00fdslovn\u00fd s\u00fahlas.<br><strong>IV. Doba uchov\u00e1vania \u00fadajov<\/strong><br>Prev\u00e1dzkovate\u013e uchov\u00e1va osobn\u00e9 \u00fadaje<br>po dobu nevyhnutn\u00fa k v\u00fdkonu pr\u00e1v a povinnost\u00ed vypl\u00fdvaj\u00facich zo zmluvn\u00e9ho vz\u0165ahu medzi Vami a prev\u00e1dzkovate\u013eom a uplat\u0148ovan\u00ed n\u00e1rokov z t\u00fdchto zmluvn\u00fdch vz\u0165ahov (po dobu 15 rokov od ukon\u010denia zmluvn\u00e9ho vz\u0165ahu).<br>po dobu, k\u00fdm je odvolan\u00fd s\u00fahlas so spracovan\u00edm osobn\u00fdch \u00fadajov pre \u00fa\u010dely marketingu, najdlh\u0161ie 15 rokov, ak s\u00fa osobn\u00e9 \u00fadaje spracov\u00e1van\u00e9 na z\u00e1klade s\u00fahlasu.<br>Po uplynut\u00ed doby uchov\u00e1vania osobn\u00fdch \u00fadajov prev\u00e1dzkovate\u013e osobn\u00e9 \u00fadaje vyma\u017ee.<br><strong>V. Pr\u00edjemcovia osobn\u00fdch \u00fadajov (subdod\u00e1vatelia prev\u00e1dzkovate\u013ea)<\/strong><br>Pr\u00edjemcovia osobn\u00fdch \u00fadajov s\u00fa osoby<br>podie\u013eaj\u00faci sa na prij\u00edman\u00ed spr\u00e1v z kontkatn\u00fdch formul\u00e1rov a rezerv\u00e1ci\u00ed,<br>zabezpe\u010duj\u00facich marketingov\u00e9 slu\u017eby.<br>Prev\u00e1dzkovate\u013e nem\u00e1 v \u00famysle poskytn\u00fa\u0165 osobn\u00e9 \u00fadaje do tretej krajiny (do krajiny mimo EU) alebo medzin\u00e1rodnej organiz\u00e1cii.<br>Vykon\u00e1van\u00e9 slu\u017eby, zabezpe\u010duj\u00face marketingov\u00e9 a podporn\u00e9 slu\u017eby<br>Google analytics \u2013 zaznamen\u00e1va cookie a pou\u017eitie webu<br>Google Adwords \u2013 zaznamen\u00e1va cookie a pou\u017eitie webu<br><strong>VI. Va\u0161e pr\u00e1va<\/strong><br>Za podmienok stanoven\u00fdch v GDPR m\u00e1te<br>pr\u00e1vo na pr\u00edstup k svojim osobn\u00fdm \u00fadajom pod\u013ea \u010dl. 15 GDPR,<br>pr\u00e1vo opravy osobn\u00fdch \u00fadajov pod\u013ea \u010dl. 16 GDPR, pr\u00edpadne obmedzenie spracovanie pod\u013ea \u010dl. 18 GDPR.<br>pr\u00e1vo na v\u00fdmaz osobn\u00fdch \u00fadajov pod\u013ea \u010dl. 17 GDPR.<br>pr\u00e1vo vznies\u0165 n\u00e1mietku proti spracovaniu pod\u013ea \u010dl. 21 GDPR a<br>pr\u00e1vo na prenosite\u013enos\u0165 \u00fadajov pod\u013ea \u010dl. 20 GDPR.<br>pr\u00e1vo odvola\u0165 s\u00fahlas so spracovan\u00edm p\u00edsomne alebo elektronicky na adresu alebo email prev\u00e1dzkovate\u013ea uveden\u00fd v \u010dl. III t\u00fdchto podmienok. Odvola\u0165 s\u00fahlas m\u00f4\u017eete kedyko\u013evek vo svojom vlastnom \u00fa\u010dte z\u00e1kazn\u00edka.<br>M\u00e1te pr\u00e1vo poda\u0165 s\u0165a\u017enos\u0165 na \u00darad na ochranu osobn\u00fdch \u00fadajov v pr\u00edpade, \u017ee sa domnievate, \u017ee bolo poru\u0161en\u00e9 Va\u0161e pr\u00e1vo na ochranu osobn\u00fdch \u00fadajov.<br><strong>VII. Podmienky zabezpe\u010denia osobn\u00fdch \u00fadajov<\/strong><br>Prev\u00e1dzkovate\u013e vyhlasuje, \u017ee prijal v\u0161etky vhodn\u00e9 technick\u00e9 a organiza\u010dn\u00e9 opatrenia na zabezpe\u010denie osobn\u00fdch \u00fadajov.<br>Prev\u00e1dzkovate\u013e prijal technick\u00e9 opatrenia na zabezpe\u010denie d\u00e1tov\u00fdch \u00falo\u017e\u00edsk a \u00falo\u017e\u00edsk osobn\u00fdch \u00fadajov v listinnej podobe, zabezpe\u010den\u00e9ho \/ \u0161ifrovan\u00e9ho pr\u00edstupu na web, \u0161ifrovanie hesiel z\u00e1kazn\u00edkov v datab\u00e1ze, pravideln\u00fdch aktualiz\u00e1ci\u00ed syst\u00e9mu, pravideln\u00e9 z\u00e1lohy syst\u00e9mu.<br>Prev\u00e1dzkovate\u013e vyhlasuje, \u017ee k osobn\u00fdm \u00fadajom maj\u00fa pr\u00edstup len n\u00edm poveren\u00e9 osoby.<br><strong>VIII. Z\u00e1vere\u010dn\u00e9 ustanovenia<\/strong><br>Odosielan\u00edm spr\u00e1vy prostredn\u00edctvom formul\u00e1ra na str\u00e1nke potvrdzujete, \u017ee ste obozn\u00e1men\u00ed s podmienkami ochrany osobn\u00fdch \u00fadajov a \u017ee ich v celom rozsahu prij\u00edmate.<br>S t\u00fdmito podmienkami s\u00fahlas\u00edte za\u0161krtnut\u00edm s\u00fahlasu prostredn\u00edctvom internetov\u00e9ho formul\u00e1ra. Za\u0161krtnut\u00edm s\u00fahlasu potvrdzujete, \u017ee ste obozn\u00e1men\u00ed s podmienkami ochrany osobn\u00fdch \u00fadajov a \u017ee ich v celom rozsahu prij\u00edmate.<br>Prev\u00e1dzkovate\u013e je opr\u00e1vnen\u00fd tieto podmienky zmeni\u0165. Nov\u00fa verziu podmienok ochrany osobn\u00fdch \u00fadajov zverejn\u00ed na svojich internetov\u00fdch str\u00e1nkach a z\u00e1rove\u0148 V\u00e1m za\u0161le nov\u00fa verziu t\u00fdchto podmienok na Va\u0161u e-mailovo\u00fa adresu, ktor\u00fa ste prev\u00e1dzkovate\u013eovi poskytli.<\/p>\n<p><\/p>\n<p>Tieto podmienky nadob\u00fadaj\u00fa \u00fa\u010dinnos\u0165 d\u0148om 8.1.2023<\/p>\t\t\t\t\t\t<\/div>\n\t\t\t\t<\/div>\n\t\t\t\t\t<\/div>\n\t\t<\/div>\n\t\t\t\t\t\t\t<\/div>\n\t\t<\/section>\n\t\t\t\t\t\t\t<\/div>","protected":false},"excerpt":{"rendered":"<p>Kto sme Adresa na\u0161ej webovej str\u00e1nky je:&nbsp;https:\/\/akredita.sk Ak\u00e9 \u00fadaje zbierame a pre\u010do Formul\u00e1re na na\u0161ich str\u00e1nkach Vyplnen\u00edm formul\u00e1rov n\u00e1m poskytujete va\u0161e meno a priezvisko, e-mail, telef\u00f3nne \u010d\u00edslo a obsah va\u0161ej spr\u00e1vy. \u00dadaje potrebujeme, aby sme v\u00e1s vedeli sp\u00e4tne kontaktova\u0165 a odpoveda\u0165 na v\u0161etky va\u0161e ot\u00e1zky. Odpove\u010f na ot\u00e1zku Svoj\u00edm s\u00fahlasom potvrdzujete spracovanie va\u0161ich \u00fadajov, aby [&hellip;]<\/p>","protected":false},"author":1,"featured_media":0,"parent":0,"menu_order":0,"comment_status":"closed","ping_status":"closed","template":"","meta":{"inline_featured_image":false,"footnotes":""},"class_list":["post-501","page","type-page","status-publish","hentry"],"yoast_head":"<!-- This site is optimized with the Yoast SEO plugin v19.13 - https:\/\/yoast.com\/wordpress\/plugins\/seo\/ -->\n<title>Z\u00e1sady ochrany osobn\u00fdch \u00fadajov - Komplexn\u00e9 zabezpe\u010denie z\u00edskania akredit\u00e1cie ISO 17025<\/title>\n<meta name=\"robots\" content=\"index, follow, max-snippet:-1, max-image-preview:large, max-video-preview:-1\" \/>\n<link rel=\"canonical\" href=\"https:\/\/akredita.sk\/cz\/zasady-ochrany-osobnych-udajov\/\" \/>\n<meta property=\"og:locale\" content=\"cs_CZ\" \/>\n<meta property=\"og:type\" content=\"article\" \/>\n<meta property=\"og:title\" content=\"Z\u00e1sady ochrany osobn\u00fdch \u00fadajov - Komplexn\u00e9 zabezpe\u010denie z\u00edskania akredit\u00e1cie ISO 17025\" \/>\n<meta property=\"og:description\" content=\"Kto sme Adresa na\u0161ej webovej str\u00e1nky je:&nbsp;https:\/\/akredita.sk Ak\u00e9 \u00fadaje zbierame a pre\u010do Formul\u00e1re na na\u0161ich str\u00e1nkach Vyplnen\u00edm formul\u00e1rov n\u00e1m poskytujete va\u0161e meno a priezvisko, e-mail, telef\u00f3nne \u010d\u00edslo a obsah va\u0161ej spr\u00e1vy. \u00dadaje potrebujeme, aby sme v\u00e1s vedeli sp\u00e4tne kontaktova\u0165 a odpoveda\u0165 na v\u0161etky va\u0161e ot\u00e1zky. Odpove\u010f na ot\u00e1zku Svoj\u00edm s\u00fahlasom potvrdzujete spracovanie va\u0161ich \u00fadajov, aby [&hellip;]\" \/>\n<meta property=\"og:url\" content=\"https:\/\/akredita.sk\/cz\/zasady-ochrany-osobnych-udajov\/\" \/>\n<meta property=\"og:site_name\" content=\"Komplexn\u00e9 zabezpe\u010denie z\u00edskania akredit\u00e1cie ISO 17025\" \/>\n<meta property=\"article:modified_time\" content=\"2023-01-08T21:26:31+00:00\" \/>\n<meta name=\"twitter:card\" content=\"summary_large_image\" \/>\n<meta name=\"twitter:label1\" content=\"Odhadovan\u00e1 doba \u010dten\u00ed\" \/>\n\t<meta name=\"twitter:data1\" content=\"8 minut\" \/>\n<script type=\"application\/ld+json\" class=\"yoast-schema-graph\">{\"@context\":\"https:\/\/schema.org\",\"@graph\":[{\"@type\":\"WebPage\",\"@id\":\"https:\/\/akredita.sk\/zasady-ochrany-osobnych-udajov\/\",\"url\":\"https:\/\/akredita.sk\/zasady-ochrany-osobnych-udajov\/\",\"name\":\"Z\u00e1sady ochrany osobn\u00fdch \u00fadajov - Komplexn\u00e9 zabezpe\u010denie z\u00edskania akredit\u00e1cie ISO 17025\",\"isPartOf\":{\"@id\":\"https:\/\/akredita.sk\/#website\"},\"datePublished\":\"2023-01-08T20:44:30+00:00\",\"dateModified\":\"2023-01-08T21:26:31+00:00\",\"breadcrumb\":{\"@id\":\"https:\/\/akredita.sk\/zasady-ochrany-osobnych-udajov\/#breadcrumb\"},\"inLanguage\":\"cs\",\"potentialAction\":[{\"@type\":\"ReadAction\",\"target\":[\"https:\/\/akredita.sk\/zasady-ochrany-osobnych-udajov\/\"]}]},{\"@type\":\"BreadcrumbList\",\"@id\":\"https:\/\/akredita.sk\/zasady-ochrany-osobnych-udajov\/#breadcrumb\",\"itemListElement\":[{\"@type\":\"ListItem\",\"position\":1,\"name\":\"Domov\",\"item\":\"https:\/\/akredita.sk\/\"},{\"@type\":\"ListItem\",\"position\":2,\"name\":\"Z\u00e1sady ochrany osobn\u00fdch \u00fadajov\"}]},{\"@type\":\"WebSite\",\"@id\":\"https:\/\/akredita.sk\/#website\",\"url\":\"https:\/\/akredita.sk\/\",\"name\":\"Komplexn\u00e9 zabezpe\u010denie z\u00edskania akredit\u00e1cie ISO 17025\",\"description\":\"\",\"potentialAction\":[{\"@type\":\"SearchAction\",\"target\":{\"@type\":\"EntryPoint\",\"urlTemplate\":\"https:\/\/akredita.sk\/?s={search_term_string}\"},\"query-input\":\"required name=search_term_string\"}],\"inLanguage\":\"cs\"}]}<\/script>\n<!-- \/ Yoast SEO plugin. -->","yoast_head_json":{"title":"Z\u00e1sady ochrany osobn\u00fdch \u00fadajov - Komplexn\u00e9 zabezpe\u010denie z\u00edskania akredit\u00e1cie ISO 17025","robots":{"index":"index","follow":"follow","max-snippet":"max-snippet:-1","max-image-preview":"max-image-preview:large","max-video-preview":"max-video-preview:-1"},"canonical":"https:\/\/akredita.sk\/cz\/zasady-ochrany-osobnych-udajov\/","og_locale":"cs_CZ","og_type":"article","og_title":"Z\u00e1sady ochrany osobn\u00fdch \u00fadajov - Komplexn\u00e9 zabezpe\u010denie z\u00edskania akredit\u00e1cie ISO 17025","og_description":"Kto sme Adresa na\u0161ej webovej str\u00e1nky je:&nbsp;https:\/\/akredita.sk Ak\u00e9 \u00fadaje zbierame a pre\u010do Formul\u00e1re na na\u0161ich str\u00e1nkach Vyplnen\u00edm formul\u00e1rov n\u00e1m poskytujete va\u0161e meno a priezvisko, e-mail, telef\u00f3nne \u010d\u00edslo a obsah va\u0161ej spr\u00e1vy. \u00dadaje potrebujeme, aby sme v\u00e1s vedeli sp\u00e4tne kontaktova\u0165 a odpoveda\u0165 na v\u0161etky va\u0161e ot\u00e1zky. Odpove\u010f na ot\u00e1zku Svoj\u00edm s\u00fahlasom potvrdzujete spracovanie va\u0161ich \u00fadajov, aby [&hellip;]","og_url":"https:\/\/akredita.sk\/cz\/zasady-ochrany-osobnych-udajov\/","og_site_name":"Komplexn\u00e9 zabezpe\u010denie z\u00edskania akredit\u00e1cie ISO 17025","article_modified_time":"2023-01-08T21:26:31+00:00","twitter_card":"summary_large_image","twitter_misc":{"Odhadovan\u00e1 doba \u010dten\u00ed":"8 minut"},"schema":{"@context":"https:\/\/schema.org","@graph":[{"@type":"WebPage","@id":"https:\/\/akredita.sk\/zasady-ochrany-osobnych-udajov\/","url":"https:\/\/akredita.sk\/zasady-ochrany-osobnych-udajov\/","name":"Z\u00e1sady ochrany osobn\u00fdch \u00fadajov - Komplexn\u00e9 zabezpe\u010denie z\u00edskania akredit\u00e1cie ISO 17025","isPartOf":{"@id":"https:\/\/akredita.sk\/#website"},"datePublished":"2023-01-08T20:44:30+00:00","dateModified":"2023-01-08T21:26:31+00:00","breadcrumb":{"@id":"https:\/\/akredita.sk\/zasady-ochrany-osobnych-udajov\/#breadcrumb"},"inLanguage":"cs","potentialAction":[{"@type":"ReadAction","target":["https:\/\/akredita.sk\/zasady-ochrany-osobnych-udajov\/"]}]},{"@type":"BreadcrumbList","@id":"https:\/\/akredita.sk\/zasady-ochrany-osobnych-udajov\/#breadcrumb","itemListElement":[{"@type":"ListItem","position":1,"name":"Domov","item":"https:\/\/akredita.sk\/"},{"@type":"ListItem","position":2,"name":"Z\u00e1sady ochrany osobn\u00fdch \u00fadajov"}]},{"@type":"WebSite","@id":"https:\/\/akredita.sk\/#website","url":"https:\/\/akredita.sk\/","name":"Komplexn\u00e9 zabezpe\u010denie z\u00edskania akredit\u00e1cie ISO 17025","description":"","potentialAction":[{"@type":"SearchAction","target":{"@type":"EntryPoint","urlTemplate":"https:\/\/akredita.sk\/?s={search_term_string}"},"query-input":"required name=search_term_string"}],"inLanguage":"cs"}]}},"_links":{"self":[{"href":"https:\/\/akredita.sk\/cz\/wp-json\/wp\/v2\/pages\/501","targetHints":{"allow":["GET"]}}],"collection":[{"href":"https:\/\/akredita.sk\/cz\/wp-json\/wp\/v2\/pages"}],"about":[{"href":"https:\/\/akredita.sk\/cz\/wp-json\/wp\/v2\/types\/page"}],"author":[{"embeddable":true,"href":"https:\/\/akredita.sk\/cz\/wp-json\/wp\/v2\/users\/1"}],"replies":[{"embeddable":true,"href":"https:\/\/akredita.sk\/cz\/wp-json\/wp\/v2\/comments?post=501"}],"version-history":[{"count":10,"href":"https:\/\/akredita.sk\/cz\/wp-json\/wp\/v2\/pages\/501\/revisions"}],"predecessor-version":[{"id":529,"href":"https:\/\/akredita.sk\/cz\/wp-json\/wp\/v2\/pages\/501\/revisions\/529"}],"wp:attachment":[{"href":"https:\/\/akredita.sk\/cz\/wp-json\/wp\/v2\/media?parent=501"}],"curies":[{"name":"wp","href":"https:\/\/api.w.org\/{rel}","templated":true}]}}