{"id":37,"date":"2022-12-27T18:13:36","date_gmt":"2022-12-27T18:13:36","guid":{"rendered":"https:\/\/akredita.sk\/?page_id=37"},"modified":"2023-01-18T12:54:01","modified_gmt":"2023-01-18T12:54:01","slug":"pripadova-studia","status":"publish","type":"page","link":"https:\/\/akredita.sk\/en\/pripadova-studia\/","title":{"rendered":"Case study"},"content":{"rendered":"<div data-elementor-type=\"wp-page\" data-elementor-id=\"37\" class=\"elementor elementor-37\">\n\t\t\t\t\t\t\t\t\t<section class=\"elementor-section elementor-top-section elementor-element elementor-element-4a923f6 elementor-section-height-min-height elementor-section-items-bottom elementor-section-boxed elementor-section-height-default\" data-id=\"4a923f6\" data-element_type=\"section\" data-settings=\"{&quot;background_background&quot;:&quot;classic&quot;}\">\n\t\t\t\t\t\t<div class=\"elementor-container elementor-column-gap-default\">\n\t\t\t\t\t<div class=\"elementor-column elementor-col-50 elementor-top-column elementor-element elementor-element-e5023e0\" data-id=\"e5023e0\" data-element_type=\"column\">\n\t\t\t<div class=\"elementor-widget-wrap elementor-element-populated\">\n\t\t\t\t\t\t\t\t<div class=\"elementor-element elementor-element-9e10102 elementor-widget elementor-widget-heading\" data-id=\"9e10102\" data-element_type=\"widget\" data-widget_type=\"heading.default\">\n\t\t\t\t<div class=\"elementor-widget-container\">\n\t\t\t<style>\/*! elementor - v3.9.2 - 21-12-2022 *\/\n.elementor-heading-title{padding:0;margin:0;line-height:1}.elementor-widget-heading .elementor-heading-title[class*=elementor-size-]>a{color:inherit;font-size:inherit;line-height:inherit}.elementor-widget-heading .elementor-heading-title.elementor-size-small{font-size:15px}.elementor-widget-heading .elementor-heading-title.elementor-size-medium{font-size:19px}.elementor-widget-heading .elementor-heading-title.elementor-size-large{font-size:29px}.elementor-widget-heading .elementor-heading-title.elementor-size-xl{font-size:39px}.elementor-widget-heading .elementor-heading-title.elementor-size-xxl{font-size:59px}<\/style><h1 class=\"elementor-heading-title elementor-size-default\">Case study - 3Dtec s.r.o.<\/h1>\t\t<\/div>\n\t\t\t\t<\/div>\n\t\t\t\t<div class=\"elementor-element elementor-element-c1d52e6 elementor-widget elementor-widget-breadcrumbs\" data-id=\"c1d52e6\" data-element_type=\"widget\" data-widget_type=\"breadcrumbs.default\">\n\t\t\t\t<div class=\"elementor-widget-container\">\n\t\t\t<link rel=\"stylesheet\" href=\"https:\/\/akredita.sk\/wp-content\/plugins\/elementor-pro\/assets\/css\/widget-theme-elements.min.css\"><p id=\"breadcrumbs\"><span><span><a href=\"https:\/\/akredita.sk\/en\/\">Home<\/a><\/span><\/span><\/p>\t\t<\/div>\n\t\t\t\t<\/div>\n\t\t\t\t\t<\/div>\n\t\t<\/div>\n\t\t\t\t<div class=\"elementor-column elementor-col-50 elementor-top-column elementor-element elementor-element-e0590f7\" data-id=\"e0590f7\" data-element_type=\"column\">\n\t\t\t<div class=\"elementor-widget-wrap\">\n\t\t\t\t\t\t\t\t\t<\/div>\n\t\t<\/div>\n\t\t\t\t\t\t\t<\/div>\n\t\t<\/section>\n\t\t\t\t<section class=\"elementor-section elementor-top-section elementor-element elementor-element-f60fa59 elementor-section-boxed elementor-section-height-default elementor-section-height-default\" data-id=\"f60fa59\" data-element_type=\"section\">\n\t\t\t\t\t\t<div class=\"elementor-container elementor-column-gap-default\">\n\t\t\t\t\t<div class=\"elementor-column elementor-col-100 elementor-top-column elementor-element elementor-element-da9a378\" data-id=\"da9a378\" data-element_type=\"column\">\n\t\t\t<div class=\"elementor-widget-wrap elementor-element-populated\">\n\t\t\t\t\t\t\t\t<div class=\"elementor-element elementor-element-54dbaa7 elementor-widget elementor-widget-heading\" data-id=\"54dbaa7\" data-element_type=\"widget\" data-widget_type=\"heading.default\">\n\t\t\t\t<div class=\"elementor-widget-container\">\n\t\t\t<h2 class=\"elementor-heading-title elementor-size-default\">3DTec s.r.o. has given us explicit permission to publish this study, for which we thank them.<\/h2>\t\t<\/div>\n\t\t\t\t<\/div>\n\t\t\t\t<div class=\"elementor-element elementor-element-329c279 elementor-widget elementor-widget-text-editor\" data-id=\"329c279\" data-element_type=\"widget\" data-widget_type=\"text-editor.default\">\n\t\t\t\t<div class=\"elementor-widget-container\">\n\t\t\t<style>\/*! elementor - v3.9.2 - 21-12-2022 *\/\n.elementor-widget-text-editor.elementor-drop-cap-view-stacked .elementor-drop-cap{background-color:#818a91;color:#fff}.elementor-widget-text-editor.elementor-drop-cap-view-framed .elementor-drop-cap{color:#818a91;border:3px solid;background-color:transparent}.elementor-widget-text-editor:not(.elementor-drop-cap-view-default) .elementor-drop-cap{margin-top:8px}.elementor-widget-text-editor:not(.elementor-drop-cap-view-default) .elementor-drop-cap-letter{width:1em;height:1em}.elementor-widget-text-editor .elementor-drop-cap{float:left;text-align:center;line-height:1;font-size:50px}.elementor-widget-text-editor .elementor-drop-cap-letter{display:inline-block}<\/style>\t\t\t\t<p>As stated on its website, 3DTec s.r.o. specializes in 3D measurements, CMM measurements, tracker measurements and so on.<\/p><p>Their main market is the automotive industry. The company wanted to demonstrate to its customers its competence in 3D measurements using sophisticated machines and processes.<\/p><p><strong>3DTec representatives have told us:<\/strong><\/p><p>\u201dThe decision to become accredited was followed by months of process studies and, truth be told, in hindsight we regret not hiring Akredita right away. We were swimming in completely foreign and very strict waters and we would have saved the costs associated with self-study of our management. Once we started working with Akredita, things had a very precise, clear, dynamic flow.<\/p><p>We knew exactly what we were going to do when, who needed to be trained for what, how the process would work. After months of work on documentation with which Akredita helped us in a significant way, fine-tuning processes, checks, internal procedures, etc., we were faced with an internal audit.<\/p><p>In it, we went through everything just like at the actual SNAS commission evaluation. We were relieved because we saw what to expect.<\/p><p>During the evaluation itself, the SNAS commission was strict but I have to admit that it was also highly professional and fair.<\/p><p>We achieved the ISO\/IEC 17025: 2017 accreditation without any non-compliance on first attempt.<\/p><p>After the euphoria we all felt in the team, we unanimously agreed that without Akredita and their guidance, we just couldn't have done it.\u201d<\/p><p>Thank you<\/p><p>3DTec team<\/p><p><a href=\"http:\/\/www.3dtec.sk\" target=\"_blank\" rel=\"noopener\">www.3dtec.sk<\/a><\/p><p>*****<\/p>\t\t\t\t\t\t<\/div>\n\t\t\t\t<\/div>\n\t\t\t\t\t<\/div>\n\t\t<\/div>\n\t\t\t\t\t\t\t<\/div>\n\t\t<\/section>\n\t\t\t\t\t\t\t<\/div>","protected":false},"excerpt":{"rendered":"<p>Pr\u00edpadov\u00e1 \u0161t\u00fadia &#8211; 3DTec s.r.o. Spolo\u010dnos\u0165 3DTec s.r.o. n\u00e1m dala v\u00fdslovn\u00fd s\u00fahlas na uverejnenie tejto \u0161t\u00fadie za \u010do im \u010fakujeme. Spolo\u010dnos\u0165 3DTec s.r.o., tak ako m\u00e1 uveden\u00e9 na svojich str\u00e1nkach sa venuje 3D meraniam, meraniam na CMM, meraniam pomocou Trackermi a podobne. Ich majoritn\u00fd trh je Automotive. Pre svojich z\u00e1kazn\u00edkov chcela deklarova\u0165 svoju kompetenciu v [&hellip;]<\/p>","protected":false},"author":1,"featured_media":0,"parent":0,"menu_order":0,"comment_status":"closed","ping_status":"closed","template":"","meta":{"inline_featured_image":false,"footnotes":""},"class_list":["post-37","page","type-page","status-publish","hentry"],"yoast_head":"<!-- This site is optimized with the Yoast SEO plugin v19.13 - https:\/\/yoast.com\/wordpress\/plugins\/seo\/ -->\n<title>Akredita - Komplexn\u00e9 zabezpe\u010denie z\u00edskania akredit\u00e1cie ISO 17025<\/title>\n<meta name=\"robots\" content=\"index, follow, max-snippet:-1, max-image-preview:large, max-video-preview:-1\" \/>\n<link rel=\"canonical\" href=\"https:\/\/akredita.sk\/en\/pripadova-studia\/\" \/>\n<meta property=\"og:locale\" content=\"en_US\" \/>\n<meta property=\"og:type\" content=\"article\" \/>\n<meta property=\"og:title\" content=\"Akredita - Komplexn\u00e9 zabezpe\u010denie z\u00edskania akredit\u00e1cie ISO 17025\" \/>\n<meta property=\"og:description\" content=\"Pr\u00edpadov\u00e1 \u0161t\u00fadia &#8211; 3DTec s.r.o. Spolo\u010dnos\u0165 3DTec s.r.o. n\u00e1m dala v\u00fdslovn\u00fd s\u00fahlas na uverejnenie tejto \u0161t\u00fadie za \u010do im \u010fakujeme. Spolo\u010dnos\u0165 3DTec s.r.o., tak ako m\u00e1 uveden\u00e9 na svojich str\u00e1nkach sa venuje 3D meraniam, meraniam na CMM, meraniam pomocou Trackermi a podobne. Ich majoritn\u00fd trh je Automotive. Pre svojich z\u00e1kazn\u00edkov chcela deklarova\u0165 svoju kompetenciu v [&hellip;]\" \/>\n<meta property=\"og:url\" content=\"https:\/\/akredita.sk\/en\/pripadova-studia\/\" \/>\n<meta property=\"og:site_name\" content=\"Komplexn\u00e9 zabezpe\u010denie z\u00edskania akredit\u00e1cie ISO 17025\" \/>\n<meta property=\"article:modified_time\" content=\"2023-01-18T12:54:01+00:00\" \/>\n<meta name=\"twitter:card\" content=\"summary_large_image\" \/>\n<meta name=\"twitter:label1\" content=\"Est. reading time\" \/>\n\t<meta name=\"twitter:data1\" content=\"2 minutes\" \/>\n<script type=\"application\/ld+json\" class=\"yoast-schema-graph\">{\"@context\":\"https:\/\/schema.org\",\"@graph\":[{\"@type\":\"WebPage\",\"@id\":\"https:\/\/akredita.sk\/pripadova-studia\/\",\"url\":\"https:\/\/akredita.sk\/pripadova-studia\/\",\"name\":\"Akredita - Komplexn\u00e9 zabezpe\u010denie z\u00edskania akredit\u00e1cie ISO 17025\",\"isPartOf\":{\"@id\":\"https:\/\/akredita.sk\/#website\"},\"datePublished\":\"2022-12-27T18:13:36+00:00\",\"dateModified\":\"2023-01-18T12:54:01+00:00\",\"breadcrumb\":{\"@id\":\"https:\/\/akredita.sk\/pripadova-studia\/#breadcrumb\"},\"inLanguage\":\"en-US\",\"potentialAction\":[{\"@type\":\"ReadAction\",\"target\":[\"https:\/\/akredita.sk\/pripadova-studia\/\"]}]},{\"@type\":\"BreadcrumbList\",\"@id\":\"https:\/\/akredita.sk\/pripadova-studia\/#breadcrumb\",\"itemListElement\":[{\"@type\":\"ListItem\",\"position\":1,\"name\":\"Domov\",\"item\":\"https:\/\/akredita.sk\/\"},{\"@type\":\"ListItem\",\"position\":2,\"name\":\"Pr\u00edpadov\u00e1 \u0161t\u00fadia\"}]},{\"@type\":\"WebSite\",\"@id\":\"https:\/\/akredita.sk\/#website\",\"url\":\"https:\/\/akredita.sk\/\",\"name\":\"Komplexn\u00e9 zabezpe\u010denie z\u00edskania akredit\u00e1cie ISO 17025\",\"description\":\"\",\"potentialAction\":[{\"@type\":\"SearchAction\",\"target\":{\"@type\":\"EntryPoint\",\"urlTemplate\":\"https:\/\/akredita.sk\/?s={search_term_string}\"},\"query-input\":\"required name=search_term_string\"}],\"inLanguage\":\"en-US\"}]}<\/script>\n<!-- \/ Yoast SEO plugin. -->","yoast_head_json":{"title":"Akredita - Komplexn\u00e9 zabezpe\u010denie z\u00edskania akredit\u00e1cie ISO 17025","robots":{"index":"index","follow":"follow","max-snippet":"max-snippet:-1","max-image-preview":"max-image-preview:large","max-video-preview":"max-video-preview:-1"},"canonical":"https:\/\/akredita.sk\/en\/pripadova-studia\/","og_locale":"en_US","og_type":"article","og_title":"Akredita - Komplexn\u00e9 zabezpe\u010denie z\u00edskania akredit\u00e1cie ISO 17025","og_description":"Pr\u00edpadov\u00e1 \u0161t\u00fadia &#8211; 3DTec s.r.o. Spolo\u010dnos\u0165 3DTec s.r.o. n\u00e1m dala v\u00fdslovn\u00fd s\u00fahlas na uverejnenie tejto \u0161t\u00fadie za \u010do im \u010fakujeme. Spolo\u010dnos\u0165 3DTec s.r.o., tak ako m\u00e1 uveden\u00e9 na svojich str\u00e1nkach sa venuje 3D meraniam, meraniam na CMM, meraniam pomocou Trackermi a podobne. Ich majoritn\u00fd trh je Automotive. Pre svojich z\u00e1kazn\u00edkov chcela deklarova\u0165 svoju kompetenciu v [&hellip;]","og_url":"https:\/\/akredita.sk\/en\/pripadova-studia\/","og_site_name":"Komplexn\u00e9 zabezpe\u010denie z\u00edskania akredit\u00e1cie ISO 17025","article_modified_time":"2023-01-18T12:54:01+00:00","twitter_card":"summary_large_image","twitter_misc":{"Est. reading time":"2 minutes"},"schema":{"@context":"https:\/\/schema.org","@graph":[{"@type":"WebPage","@id":"https:\/\/akredita.sk\/pripadova-studia\/","url":"https:\/\/akredita.sk\/pripadova-studia\/","name":"Akredita - Komplexn\u00e9 zabezpe\u010denie z\u00edskania akredit\u00e1cie ISO 17025","isPartOf":{"@id":"https:\/\/akredita.sk\/#website"},"datePublished":"2022-12-27T18:13:36+00:00","dateModified":"2023-01-18T12:54:01+00:00","breadcrumb":{"@id":"https:\/\/akredita.sk\/pripadova-studia\/#breadcrumb"},"inLanguage":"en-US","potentialAction":[{"@type":"ReadAction","target":["https:\/\/akredita.sk\/pripadova-studia\/"]}]},{"@type":"BreadcrumbList","@id":"https:\/\/akredita.sk\/pripadova-studia\/#breadcrumb","itemListElement":[{"@type":"ListItem","position":1,"name":"Domov","item":"https:\/\/akredita.sk\/"},{"@type":"ListItem","position":2,"name":"Pr\u00edpadov\u00e1 \u0161t\u00fadia"}]},{"@type":"WebSite","@id":"https:\/\/akredita.sk\/#website","url":"https:\/\/akredita.sk\/","name":"Komplexn\u00e9 zabezpe\u010denie z\u00edskania akredit\u00e1cie ISO 17025","description":"","potentialAction":[{"@type":"SearchAction","target":{"@type":"EntryPoint","urlTemplate":"https:\/\/akredita.sk\/?s={search_term_string}"},"query-input":"required name=search_term_string"}],"inLanguage":"en-US"}]}},"_links":{"self":[{"href":"https:\/\/akredita.sk\/en\/wp-json\/wp\/v2\/pages\/37","targetHints":{"allow":["GET"]}}],"collection":[{"href":"https:\/\/akredita.sk\/en\/wp-json\/wp\/v2\/pages"}],"about":[{"href":"https:\/\/akredita.sk\/en\/wp-json\/wp\/v2\/types\/page"}],"author":[{"embeddable":true,"href":"https:\/\/akredita.sk\/en\/wp-json\/wp\/v2\/users\/1"}],"replies":[{"embeddable":true,"href":"https:\/\/akredita.sk\/en\/wp-json\/wp\/v2\/comments?post=37"}],"version-history":[{"count":53,"href":"https:\/\/akredita.sk\/en\/wp-json\/wp\/v2\/pages\/37\/revisions"}],"predecessor-version":[{"id":546,"href":"https:\/\/akredita.sk\/en\/wp-json\/wp\/v2\/pages\/37\/revisions\/546"}],"wp:attachment":[{"href":"https:\/\/akredita.sk\/en\/wp-json\/wp\/v2\/media?parent=37"}],"curies":[{"name":"wp","href":"https:\/\/api.w.org\/{rel}","templated":true}]}}